{"id":15686,"date":"2020-08-11T14:17:58","date_gmt":"2020-08-11T12:17:58","guid":{"rendered":"https:\/\/www.agrofair.nl\/contactez-nous\/"},"modified":"2025-08-29T14:40:12","modified_gmt":"2025-08-29T12:40:12","slug":"contactez-nous","status":"publish","type":"page","link":"https:\/\/www.agrofair.nl\/fr\/contactez-nous\/","title":{"rendered":"CONTACTEZ-NOUS"},"content":{"rendered":"<p><div class=\"fusion-fullwidth fullwidth-box fusion-builder-row-1 fusion-flex-container hundred-percent-fullwidth non-hundred-percent-height-scrolling\" style=\"--awb-border-radius-top-left:0px;--awb-border-radius-top-right:0px;--awb-border-radius-bottom-right:0px;--awb-border-radius-bottom-left:0px;--awb-padding-top:0px;--awb-padding-right:6%;--awb-padding-bottom:0px;--awb-padding-left:6%;--awb-background-image:radial-gradient(circle at right center, rgba(208,230,246,0.35) 30%,rgba(255,255,255,0) 30%);--awb-flex-wrap:wrap;\" ><div class=\"fusion-builder-row fusion-row fusion-flex-align-items-stretch fusion-flex-content-wrap\" style=\"width:104% !important;max-width:104% !important;margin-left: calc(-4% \/ 2 );margin-right: calc(-4% \/ 2 );\"><div class=\"fusion-layout-column fusion_builder_column fusion-builder-column-0 fusion_builder_column_3_5 3_5 fusion-flex-column\" style=\"--awb-padding-top:12%;--awb-padding-right:12%;--awb-padding-bottom:12%;--awb-padding-left:12%;--awb-bg-position:center center;--awb-bg-size:cover;--awb-box-shadow:40px 40px 0px 0px #d0e6f6;;--awb-width-large:60%;--awb-margin-top-large:0px;--awb-spacing-right-large:-7.68%;--awb-margin-bottom-large:-1px;--awb-spacing-left-large:3.2%;--awb-width-medium:100%;--awb-order-medium:0;--awb-spacing-right-medium:1.92%;--awb-spacing-left-medium:1.92%;--awb-width-small:100%;--awb-order-small:0;--awb-spacing-right-small:1.92%;--awb-spacing-left-small:1.92%;\"><div class=\"fusion-column-wrapper lazyload fusion-column-has-shadow fusion-flex-justify-content-center fusion-content-layout-column fusion-column-has-bg-image\" data-bg-url=\"https:\/\/www.agrofair.nl\/wp-content\/uploads\/AgroFair-Importer-Fairtrade-Bio-Organic-Bananas-Contact-us_Header.jpg\" data-bg=\"https:\/\/www.agrofair.nl\/wp-content\/uploads\/AgroFair-Importer-Fairtrade-Bio-Organic-Bananas-Contact-us_Header.jpg\"><div class=\"fusion-separator fusion-full-width-sep\" style=\"align-self: center;margin-left: auto;margin-right: auto;margin-top:240px;width:100%;\"><\/div><\/div><\/div><div class=\"fusion-layout-column fusion_builder_column fusion-builder-column-1 fusion_builder_column_2_5 2_5 fusion-flex-column fusion-flex-align-self-center fusion-animated\" style=\"--awb-bg-size:cover;--awb-width-large:40%;--awb-margin-top-large:0px;--awb-spacing-right-large:4.8%;--awb-margin-bottom-large:0px;--awb-spacing-left-large:-7.68%;--awb-width-medium:100%;--awb-spacing-right-medium:1.92%;--awb-spacing-left-medium:1.92%;--awb-width-small:100%;--awb-spacing-right-small:1.92%;--awb-spacing-left-small:1.92%;\" data-animationType=\"fadeIn\" data-animationDuration=\"0.8\" data-animationOffset=\"top-into-view\"><div class=\"fusion-column-wrapper fusion-column-has-shadow fusion-flex-justify-content-center fusion-content-layout-column\"><div class=\"fusion-separator fusion-no-small-visibility fusion-no-medium-visibility fusion-full-width-sep\" style=\"align-self: center;margin-left: auto;margin-right: auto;margin-top:16%;width:100%;\"><\/div><div class=\"fusion-builder-row fusion-builder-row-inner fusion-row fusion-flex-align-items-stretch fusion-flex-content-wrap\" style=\"width:104% !important;max-width:104% !important;margin-left: calc(-4% \/ 2 );margin-right: calc(-4% \/ 2 );\"><div class=\"fusion-layout-column fusion_builder_column_inner fusion-builder-nested-column-0 fusion_builder_column_inner_1_1 1_1 fusion-flex-column fusion-flex-align-self-center\" style=\"--awb-padding-top:10%;--awb-padding-right:10%;--awb-padding-bottom:10%;--awb-padding-left:10%;--awb-bg-color:#ffffff;--awb-bg-color-hover:#ffffff;--awb-bg-size:cover;--awb-box-shadow:-20px 40px 90px -15px rgba(24,27,32,0.05);;--awb-width-large:100%;--awb-margin-top-large:0px;--awb-spacing-right-large:1.92%;--awb-margin-bottom-large:0px;--awb-spacing-left-large:1.92%;--awb-width-medium:100%;--awb-spacing-right-medium:1.92%;--awb-spacing-left-medium:1.92%;--awb-width-small:100%;--awb-spacing-right-small:1.92%;--awb-spacing-left-small:1.92%;\"><div class=\"fusion-column-wrapper fusion-column-has-shadow fusion-flex-justify-content-flex-start fusion-content-layout-column\"><div class=\"fusion-title title fusion-title-1 fusion-sep-none fusion-title-text fusion-title-size-one\" style=\"--awb-text-color:#95b70d;--awb-margin-top:16px;\"><h1 class=\"fusion-title-heading title-heading-left fusion-responsive-typography-calculated\" style=\"font-family:&quot;Londrina Solid&quot;;margin:0;--fontSize:33;line-height:1.45;\">Bio. Fair Trade.<\/h1><\/div><div class=\"fusion-title title fusion-title-2 fusion-sep-none fusion-title-text fusion-title-size-one\" style=\"--awb-margin-top:16px;--awb-font-size:50px;\"><h1 class=\"fusion-title-heading title-heading-left fusion-responsive-typography-calculated\" style=\"font-family:&quot;Open Sans&quot;;font-style:normal;font-weight:700;margin:0;font-size:1em;--fontSize:50;line-height:1.45;\">Contactez nous<\/h1><\/div><div class=\"fusion-title title fusion-title-3 fusion-sep-none fusion-title-text fusion-title-size-two\" style=\"--awb-font-size:17px;\"><h2 class=\"fusion-title-heading title-heading-left fusion-responsive-typography-calculated\" style=\"font-family:&quot;Open Sans&quot;;font-style:normal;font-weight:600;margin:0;font-size:1em;--fontSize:17;--minFontSize:17;line-height:1.5;\">Vous avez des questions \u00e0 poser \u00e0 notre \u00e9quipe et vous aimeriez en savoir plus sur AgroFair ? Contactez-nous !<\/h2><\/div><div class=\"fusion-separator fusion-full-width-sep\" style=\"align-self: center;margin-left: auto;margin-right: auto;margin-top:20px;margin-bottom:20px;width:100%;\"><\/div><div ><a class=\"fusion-button button-flat button-large button-default fusion-button-default button-1 fusion-button-default-span fusion-button-default-type custom-hero-button\" style=\"--button-border-radius-top-left:25px;--button-border-radius-top-right:25px;--button-border-radius-bottom-right:25px;--button-border-radius-bottom-left:25px;\" target=\"_self\" href=\"#contactus\"><span class=\"fusion-button-text awb-button__text awb-button__text--default\">Lire plus<\/span><\/a><\/div><\/div><\/div><\/div><div class=\"fusion-separator fusion-no-small-visibility fusion-no-medium-visibility fusion-full-width-sep\" style=\"align-self: center;margin-left: auto;margin-right: auto;margin-top:14%;width:100%;\"><\/div><\/div><\/div><\/div><\/div><div id=\"contactus\" class=\"fusion-container-anchor\"><div class=\"fusion-fullwidth fullwidth-box fusion-builder-row-2 fusion-flex-container nonhundred-percent-fullwidth non-hundred-percent-height-scrolling\" style=\"--awb-border-radius-top-left:0px;--awb-border-radius-top-right:0px;--awb-border-radius-bottom-right:0px;--awb-border-radius-bottom-left:0px;--awb-padding-top:20px;--awb-padding-bottom:20px;--awb-margin-top:60px;--awb-flex-wrap:wrap;\" ><div class=\"fusion-builder-row fusion-row fusion-flex-align-items-flex-start fusion-flex-content-wrap\" style=\"max-width:calc( 1100px + 0px );margin-left: calc(-0px \/ 2 );margin-right: calc(-0px \/ 2 );\"><div class=\"fusion-layout-column fusion_builder_column fusion-builder-column-2 fusion_builder_column_1_1 1_1 fusion-flex-column\" style=\"--awb-bg-size:cover;--awb-width-large:100%;--awb-margin-top-large:0px;--awb-spacing-right-large:0px;--awb-margin-bottom-large:0px;--awb-spacing-left-large:0px;--awb-width-medium:100%;--awb-spacing-right-medium:0px;--awb-spacing-left-medium:0px;--awb-width-small:100%;--awb-spacing-right-small:0px;--awb-spacing-left-small:0px;\"><div class=\"fusion-column-wrapper fusion-flex-justify-content-flex-start fusion-content-layout-column\"><div class=\"fusion-title title fusion-title-4 fusion-sep-none fusion-title-center fusion-title-text fusion-title-size-one\" style=\"--awb-font-size:50px;\"><h1 class=\"fusion-title-heading title-heading-center fusion-responsive-typography-calculated\" style=\"font-family:&quot;Londrina Solid&quot;;font-style:normal;font-weight:400;margin:0;font-size:1em;--fontSize:50;line-height:1.45;\">Contactez nous<\/h1><\/div><\/div><\/div><\/div><\/div><\/div><div class=\"fusion-fullwidth fullwidth-box fusion-builder-row-3 fusion-flex-container nonhundred-percent-fullwidth non-hundred-percent-height-scrolling\" style=\"--awb-border-radius-top-left:0px;--awb-border-radius-top-right:0px;--awb-border-radius-bottom-right:0px;--awb-border-radius-bottom-left:0px;--awb-flex-wrap:wrap;\" ><div class=\"fusion-builder-row fusion-row fusion-flex-align-items-flex-start fusion-flex-content-wrap\" style=\"max-width:1144px;margin-left: calc(-4% \/ 2 );margin-right: calc(-4% \/ 2 );\"><div class=\"fusion-layout-column fusion_builder_column fusion-builder-column-3 fusion_builder_column_2_3 2_3 fusion-flex-column\" style=\"--awb-bg-size:cover;--awb-width-large:66.666666666667%;--awb-margin-top-large:0px;--awb-spacing-right-large:3.84%;--awb-margin-bottom-large:0px;--awb-spacing-left-large:2.88%;--awb-width-medium:100%;--awb-spacing-right-medium:1.92%;--awb-spacing-left-medium:1.92%;--awb-width-small:100%;--awb-spacing-right-small:1.92%;--awb-spacing-left-small:1.92%;\"><div class=\"fusion-column-wrapper fusion-flex-justify-content-flex-start fusion-content-layout-column\"><div class=\"fusion-title title fusion-title-5 fusion-sep-none fusion-title-text fusion-title-size-two\"><h2 class=\"fusion-title-heading title-heading-left fusion-responsive-typography-calculated\" style=\"font-family:&quot;Open Sans&quot;;font-style:normal;font-weight:700;margin:0;--fontSize:18;--minFontSize:18;line-height:1.5;\">NOUS AIMERIONS BEAUCOUP AVOIR DE VOS NOUVELLES. PRENEZ CONTACT AVEC NOUS !<\/h2><\/div><div class=\"fusion-text fusion-text-1\" style=\"--awb-text-color:#000000;\"><p>Vous avez des questions \u00e0 poser \u00e0 notre \u00e9quipe et vous aimeriez en savoir plus sur AgroFair ? Contactez-nous !<\/p>\n<p>Nous serons heureux de r\u00e9pondre \u00e0 vos questions.<\/p>\n<p>Remplissez le formulaire ci-dessous et nous vous recontactons au plus vite.<\/p>\n<\/div><div class=\"fusion-text fusion-text-2\">\n<div class=\"wpcf7 no-js\" id=\"wpcf7-f15685-o1\" lang=\"en-US\" dir=\"ltr\" data-wpcf7-id=\"15685\">\n<div class=\"screen-reader-response\"><p role=\"status\" aria-live=\"polite\" aria-atomic=\"true\"><\/p> <ul><\/ul><\/div>\n<form action=\"\/fr\/wp-json\/wp\/v2\/pages\/15686#wpcf7-f15685-o1\" method=\"post\" class=\"wpcf7-form init\" aria-label=\"Contact form\" novalidate=\"novalidate\" data-status=\"init\">\n<fieldset class=\"hidden-fields-container\"><input type=\"hidden\" name=\"_wpcf7\" value=\"15685\" \/><input type=\"hidden\" name=\"_wpcf7_version\" value=\"6.1.4\" \/><input type=\"hidden\" name=\"_wpcf7_locale\" value=\"en_US\" \/><input type=\"hidden\" name=\"_wpcf7_unit_tag\" value=\"wpcf7-f15685-o1\" \/><input type=\"hidden\" name=\"_wpcf7_container_post\" value=\"0\" \/><input type=\"hidden\" name=\"_wpcf7_posted_data_hash\" value=\"\" \/><input type=\"hidden\" name=\"_wpcf7_recaptcha_response\" value=\"\" \/>\n<\/fieldset>\n<p>Votre Nom (*)\n<\/p>\n<p><span class=\"wpcf7-form-control-wrap\" data-name=\"your-name\"><input size=\"40\" maxlength=\"400\" class=\"wpcf7-form-control wpcf7-text wpcf7-validates-as-required\" aria-required=\"true\" aria-invalid=\"false\" value=\"\" type=\"text\" name=\"your-name\" \/><\/span>\n<\/p>\n<p>Votre courriel (*)\n<\/p>\n<p><span class=\"wpcf7-form-control-wrap\" data-name=\"your-email\"><input size=\"40\" maxlength=\"400\" class=\"wpcf7-form-control wpcf7-email wpcf7-validates-as-required wpcf7-text wpcf7-validates-as-email\" aria-required=\"true\" aria-invalid=\"false\" value=\"\" type=\"email\" name=\"your-email\" \/><\/span>\n<\/p>\n<p>Sujet\n<\/p>\n<p><span class=\"wpcf7-form-control-wrap\" data-name=\"your-subject\"><input size=\"40\" maxlength=\"400\" class=\"wpcf7-form-control wpcf7-text\" aria-invalid=\"false\" value=\"\" type=\"text\" name=\"your-subject\" \/><\/span>\n<\/p>\n<p>Votre Message\n<\/p>\n<p><span class=\"wpcf7-form-control-wrap\" data-name=\"your-message\"><textarea cols=\"40\" rows=\"10\" maxlength=\"2000\" class=\"wpcf7-form-control wpcf7-textarea\" aria-invalid=\"false\" name=\"your-message\"><\/textarea><\/span>\n<\/p>\n<p><span class=\"wpcf7-form-control-wrap\" data-name=\"privacy-accept\"><span class=\"wpcf7-form-control wpcf7-acceptance\"><span class=\"wpcf7-list-item\"><input type=\"checkbox\" name=\"privacy-accept\" value=\"1\" aria-invalid=\"false\" \/><\/span><\/span><\/span> J\u2019ai lu et accept\u00e9 <a href=\"\/wp-content\/uploads\/Privacyverklaring-AgroFair.pdf\" target=\"_blank\">la politique de respect de la vie priv\u00e9e<\/a> (*)\n<\/p>\n<p>\n\n<\/p>\n<p><input class=\"wpcf7-form-control wpcf7-submit has-spinner\" type=\"submit\" value=\"Send\" \/>\n<\/p><div class=\"fusion-alert alert custom alert-custom fusion-alert-center wpcf7-response-output awb-alert-native-link-color alert-dismissable awb-alert-close-boxed\" style=\"--awb-border-top-left-radius:0px;--awb-border-top-right-radius:0px;--awb-border-bottom-left-radius:0px;--awb-border-bottom-right-radius:0px;\" role=\"alert\"><div class=\"fusion-alert-content-wrapper\"><span class=\"fusion-alert-content\"><\/span><\/div><button type=\"button\" class=\"close toggle-alert\" data-dismiss=\"alert\" aria-label=\"Close\">&times;<\/button><\/div>\n<\/form>\n<\/div>\n\n<\/div><\/div><\/div><div class=\"fusion-layout-column fusion_builder_column fusion-builder-column-4 fusion_builder_column_1_3 1_3 fusion-flex-column\" style=\"--awb-bg-size:cover;--awb-width-large:33.333333333333%;--awb-margin-top-large:0px;--awb-spacing-right-large:5.76%;--awb-margin-bottom-large:0px;--awb-spacing-left-large:3.84%;--awb-width-medium:100%;--awb-spacing-right-medium:1.92%;--awb-spacing-left-medium:1.92%;--awb-width-small:100%;--awb-spacing-right-small:1.92%;--awb-spacing-left-small:1.92%;\"><div class=\"fusion-column-wrapper fusion-flex-justify-content-flex-start fusion-content-layout-column\"><div class=\"fusion-title title fusion-title-6 fusion-sep-none fusion-title-text fusion-title-size-two\"><h2 class=\"fusion-title-heading title-heading-left fusion-responsive-typography-calculated\" style=\"font-family:&quot;Open Sans&quot;;font-style:normal;font-weight:700;margin:0;--fontSize:18;--minFontSize:18;line-height:1.5;\">NOTRE EMPLACEMENT<\/h2><\/div>\t\t\t\t\t<script type=\"text\/javascript\">\n\t\t\t\t\t\tvar map_fusion_map_69e007ef425d0;\n\t\t\t\t\t\tvar markers = [];\n\t\t\t\t\t\tvar counter = 0;\n\t\t\t\t\t\t\t\t\t\t\t\t\t\t\t\t\t\t\t\tvar fusionMapNonce = 'd54fd427b0';\n\t\t\t\t\t\t\t\t\t\t\t\tfunction fusion_run_map_fusion_map_69e007ef425d0() {\n\t\t\t\t\t\t\tjQuery ('#fusion_map_69e007ef425d0' ).fusion_maps( {\n\t\t\t\t\t\t\t\taddresses: [{\"address\":\"AgroFair BV, Koopliedenweg 10, 2991 LN Barendrecht, les Pays-Bas\",\"infobox_content\":\"AgroFair BV, Koopliedenweg 10, 2991 LN Barendrecht, les Pays-Bas\",\"coordinates\":false,\"cache\":true,\"latitude\":\"51.8576322\",\"longitude\":\"4.5589274\"}],\n\t\t\t\t\t\t\t\tanimations: false,\n\t\t\t\t\t\t\t\tinfobox_background_color: '',\n\t\t\t\t\t\t\t\tinfobox_styling: 'custom',\n\t\t\t\t\t\t\t\tinfobox_text_color: '',\n\t\t\t\t\t\t\t\tmap_style: 'default',\n\t\t\t\t\t\t\t\tmap_type: 'terrain',\n\t\t\t\t\t\t\t\tmarker_icon: '',\n\t\t\t\t\t\t\t\toverlay_color: '',\n\t\t\t\t\t\t\t\toverlay_color_hsl: {\"hue\":0,\"sat\":0,\"lum\":100},\n\t\t\t\t\t\t\t\tshow_address: false,\n\t\t\t\t\t\t\t\tscale_control: true,\n\t\t\t\t\t\t\t\tscrollwheel: true,\n\t\t\t\t\t\t\t\tzoom: 14,\n\t\t\t\t\t\t\t\tzoom_control: true,\n\t\t\t\t\t\t\t} );\n\t\t\t\t\t\t}\n\n\t\t\t\t\t\tgoogle.maps.event.addDomListener(window, 'load', fusion_run_map_fusion_map_69e007ef425d0);\n\t\t\t\t\t<\/script>\n\t\t\t\t\t<div class=\"shortcode-map fusion-google-map fusion-maps-js-type\" style=\"--awb-height:180px;\" id=\"fusion_map_69e007ef425d0\"><\/div><div class=\"fusion-text fusion-text-3\" style=\"--awb-text-color:#000000;\"><h4><\/h4>\n<p><strong>Agro Fair Benelux B.V.<\/strong><br \/>\nKoopliedenweg 10<br \/>\n2991 LN Barendrecht<br \/>\nles Pays-Bas<\/p>\n<p><i class=\"fa fa-phone fa-lg\"><\/i> +31(0)180 &#8211; 643 900<br \/>\n<i class=\"fa fa-envelope-o fa-lg\"><\/i> <a href=\"mailto:info@agrofair.nl\">info@agrofair.nl<\/a><br \/>\n<i class=\"fa fa-envelope-o fa-lg\"><\/i> <a href=\"mailto:sales@agrofair.nl\">sales@agrofair.nl<\/a><\/p>\n<\/div><div class=\"fusion-separator fusion-full-width-sep\" style=\"align-self: center;margin-left: auto;margin-right: auto;margin-top:35px;width:100%;\"><\/div><div class=\"fusion-text fusion-text-4\"><p><a href=\"https:\/\/www.s-bb.nl\/\" target=\"_blank\" rel=\"noopener noreferrer\"><img decoding=\"async\" class=\"lazyload alignleft wp-image-13719\" src=\"\/wp-content\/uploads\/AgroFair-sbb-erkend-leerbedrijf.png\" data-orig-src=\"\/wp-content\/uploads\/AgroFair-sbb-erkend-leerbedrijf.png\" width=\"160\" height=\"160\" srcset=\"data:image\/svg+xml,%3Csvg%20xmlns%3D%27http%3A%2F%2Fwww.w3.org%2F2000%2Fsvg%27%20width%3D%27160%27%20height%3D%27160%27%20viewBox%3D%270%200%20160%20160%27%3E%3Crect%20width%3D%27160%27%20height%3D%27160%27%20fill-opacity%3D%220%22%2F%3E%3C%2Fsvg%3E\" data-srcset=\"https:\/\/www.agrofair.nl\/wp-content\/uploads\/AgroFair-sbb-erkend-leerbedrijf-66x66.png 66w, https:\/\/www.agrofair.nl\/wp-content\/uploads\/AgroFair-sbb-erkend-leerbedrijf.png 200w\" data-sizes=\"auto\" data-orig-sizes=\"(max-width: 160px) 100vw, 160px\" \/><\/a><\/p>\n<\/div><\/div><\/div><\/div><\/div><\/p>\n","protected":false},"excerpt":{"rendered":"","protected":false},"author":1,"featured_media":0,"parent":0,"menu_order":0,"comment_status":"closed","ping_status":"closed","template":"100-width.php","meta":{"inline_featured_image":false,"footnotes":""},"class_list":["post-15686","page","type-page","status-publish","hentry"],"yoast_head":"<!-- This site is optimized with the Yoast SEO plugin v26.5 - https:\/\/yoast.com\/wordpress\/plugins\/seo\/ -->\n<title>Contactez-nous - AgroFair - Le leader du march\u00e9 des fruits tropicaux Fairtrade<\/title>\n<meta name=\"description\" content=\"Nous aimerions beaucoup avoir de vos nouvelles. Prenez contact avec nous ! Importateur et distributeur de bananes exotiques fairtrade et bio.\" \/>\n<meta name=\"robots\" content=\"index, follow, max-snippet:-1, max-image-preview:large, max-video-preview:-1\" \/>\n<link rel=\"canonical\" href=\"https:\/\/www.agrofair.nl\/fr\/contactez-nous\/\" \/>\n<meta property=\"og:locale\" content=\"fr_FR\" \/>\n<meta property=\"og:type\" content=\"article\" \/>\n<meta property=\"og:title\" content=\"Contactez-nous - AgroFair - Le leader du march\u00e9 des fruits tropicaux Fairtrade\" \/>\n<meta property=\"og:description\" content=\"Nous aimerions beaucoup avoir de vos nouvelles. Prenez contact avec nous ! Importateur et distributeur de bananes exotiques fairtrade et bio.\" \/>\n<meta property=\"og:url\" content=\"https:\/\/www.agrofair.nl\/fr\/contactez-nous\/\" \/>\n<meta property=\"og:site_name\" content=\"AgroFair\" \/>\n<meta property=\"article:publisher\" content=\"https:\/\/www.facebook.com\/AgroFair-508509272541829\/\" \/>\n<meta property=\"article:modified_time\" content=\"2025-08-29T12:40:12+00:00\" \/>\n<meta name=\"twitter:card\" content=\"summary_large_image\" \/>\n<meta name=\"twitter:site\" content=\"@AgroFair\" \/>\n<meta name=\"twitter:label1\" content=\"Dur\u00e9e de lecture estim\u00e9e\" \/>\n\t<meta name=\"twitter:data1\" content=\"4 minutes\" \/>\n<script type=\"application\/ld+json\" class=\"yoast-schema-graph\">{\"@context\":\"https:\/\/schema.org\",\"@graph\":[{\"@type\":\"WebPage\",\"@id\":\"https:\/\/www.agrofair.nl\/fr\/contactez-nous\/\",\"url\":\"https:\/\/www.agrofair.nl\/fr\/contactez-nous\/\",\"name\":\"Contactez-nous - AgroFair - Le leader du march\u00e9 des fruits tropicaux Fairtrade\",\"isPartOf\":{\"@id\":\"https:\/\/www.agrofair.nl\/fr\/#website\"},\"datePublished\":\"2020-08-11T12:17:58+00:00\",\"dateModified\":\"2025-08-29T12:40:12+00:00\",\"description\":\"Nous aimerions beaucoup avoir de vos nouvelles. Prenez contact avec nous ! Importateur et distributeur de bananes exotiques fairtrade et bio.\",\"breadcrumb\":{\"@id\":\"https:\/\/www.agrofair.nl\/fr\/contactez-nous\/#breadcrumb\"},\"inLanguage\":\"fr-FR\",\"potentialAction\":[{\"@type\":\"ReadAction\",\"target\":[\"https:\/\/www.agrofair.nl\/fr\/contactez-nous\/\"]}]},{\"@type\":\"BreadcrumbList\",\"@id\":\"https:\/\/www.agrofair.nl\/fr\/contactez-nous\/#breadcrumb\",\"itemListElement\":[{\"@type\":\"ListItem\",\"position\":1,\"name\":\"Home\",\"item\":\"https:\/\/www.agrofair.nl\/fr\/\"},{\"@type\":\"ListItem\",\"position\":2,\"name\":\"CONTACTEZ-NOUS\"}]},{\"@type\":\"WebSite\",\"@id\":\"https:\/\/www.agrofair.nl\/fr\/#website\",\"url\":\"https:\/\/www.agrofair.nl\/fr\/\",\"name\":\"AgroFair\",\"description\":\"Importer &amp; distributor of fairtrade and organic tropical fresh fruit\",\"publisher\":{\"@id\":\"https:\/\/www.agrofair.nl\/fr\/#organization\"},\"potentialAction\":[{\"@type\":\"SearchAction\",\"target\":{\"@type\":\"EntryPoint\",\"urlTemplate\":\"https:\/\/www.agrofair.nl\/fr\/?s={search_term_string}\"},\"query-input\":{\"@type\":\"PropertyValueSpecification\",\"valueRequired\":true,\"valueName\":\"search_term_string\"}}],\"inLanguage\":\"fr-FR\"},{\"@type\":\"Organization\",\"@id\":\"https:\/\/www.agrofair.nl\/fr\/#organization\",\"name\":\"AgroFair\",\"url\":\"https:\/\/www.agrofair.nl\/fr\/\",\"logo\":{\"@type\":\"ImageObject\",\"inLanguage\":\"fr-FR\",\"@id\":\"https:\/\/www.agrofair.nl\/fr\/#\/schema\/logo\/image\/\",\"url\":\"https:\/\/www.agrofair.nl\/wp-content\/uploads\/AgroFair-logo-400.jpg\",\"contentUrl\":\"https:\/\/www.agrofair.nl\/wp-content\/uploads\/AgroFair-logo-400.jpg\",\"width\":400,\"height\":113,\"caption\":\"AgroFair\"},\"image\":{\"@id\":\"https:\/\/www.agrofair.nl\/fr\/#\/schema\/logo\/image\/\"},\"sameAs\":[\"https:\/\/www.facebook.com\/AgroFair-508509272541829\/\",\"https:\/\/x.com\/AgroFair\",\"https:\/\/www.linkedin.com\/company\/87658\",\"https:\/\/www.youtube.com\/user\/AgroFairFruit\"]}]}<\/script>\n<!-- \/ Yoast SEO plugin. -->","yoast_head_json":{"title":"Contactez-nous - AgroFair - Le leader du march\u00e9 des fruits tropicaux Fairtrade","description":"Nous aimerions beaucoup avoir de vos nouvelles. Prenez contact avec nous ! Importateur et distributeur de bananes exotiques fairtrade et bio.","robots":{"index":"index","follow":"follow","max-snippet":"max-snippet:-1","max-image-preview":"max-image-preview:large","max-video-preview":"max-video-preview:-1"},"canonical":"https:\/\/www.agrofair.nl\/fr\/contactez-nous\/","og_locale":"fr_FR","og_type":"article","og_title":"Contactez-nous - AgroFair - Le leader du march\u00e9 des fruits tropicaux Fairtrade","og_description":"Nous aimerions beaucoup avoir de vos nouvelles. Prenez contact avec nous ! Importateur et distributeur de bananes exotiques fairtrade et bio.","og_url":"https:\/\/www.agrofair.nl\/fr\/contactez-nous\/","og_site_name":"AgroFair","article_publisher":"https:\/\/www.facebook.com\/AgroFair-508509272541829\/","article_modified_time":"2025-08-29T12:40:12+00:00","twitter_card":"summary_large_image","twitter_site":"@AgroFair","twitter_misc":{"Dur\u00e9e de lecture estim\u00e9e":"4 minutes"},"schema":{"@context":"https:\/\/schema.org","@graph":[{"@type":"WebPage","@id":"https:\/\/www.agrofair.nl\/fr\/contactez-nous\/","url":"https:\/\/www.agrofair.nl\/fr\/contactez-nous\/","name":"Contactez-nous - AgroFair - Le leader du march\u00e9 des fruits tropicaux Fairtrade","isPartOf":{"@id":"https:\/\/www.agrofair.nl\/fr\/#website"},"datePublished":"2020-08-11T12:17:58+00:00","dateModified":"2025-08-29T12:40:12+00:00","description":"Nous aimerions beaucoup avoir de vos nouvelles. Prenez contact avec nous ! Importateur et distributeur de bananes exotiques fairtrade et bio.","breadcrumb":{"@id":"https:\/\/www.agrofair.nl\/fr\/contactez-nous\/#breadcrumb"},"inLanguage":"fr-FR","potentialAction":[{"@type":"ReadAction","target":["https:\/\/www.agrofair.nl\/fr\/contactez-nous\/"]}]},{"@type":"BreadcrumbList","@id":"https:\/\/www.agrofair.nl\/fr\/contactez-nous\/#breadcrumb","itemListElement":[{"@type":"ListItem","position":1,"name":"Home","item":"https:\/\/www.agrofair.nl\/fr\/"},{"@type":"ListItem","position":2,"name":"CONTACTEZ-NOUS"}]},{"@type":"WebSite","@id":"https:\/\/www.agrofair.nl\/fr\/#website","url":"https:\/\/www.agrofair.nl\/fr\/","name":"AgroFair","description":"Importer &amp; distributor of fairtrade and organic tropical fresh fruit","publisher":{"@id":"https:\/\/www.agrofair.nl\/fr\/#organization"},"potentialAction":[{"@type":"SearchAction","target":{"@type":"EntryPoint","urlTemplate":"https:\/\/www.agrofair.nl\/fr\/?s={search_term_string}"},"query-input":{"@type":"PropertyValueSpecification","valueRequired":true,"valueName":"search_term_string"}}],"inLanguage":"fr-FR"},{"@type":"Organization","@id":"https:\/\/www.agrofair.nl\/fr\/#organization","name":"AgroFair","url":"https:\/\/www.agrofair.nl\/fr\/","logo":{"@type":"ImageObject","inLanguage":"fr-FR","@id":"https:\/\/www.agrofair.nl\/fr\/#\/schema\/logo\/image\/","url":"https:\/\/www.agrofair.nl\/wp-content\/uploads\/AgroFair-logo-400.jpg","contentUrl":"https:\/\/www.agrofair.nl\/wp-content\/uploads\/AgroFair-logo-400.jpg","width":400,"height":113,"caption":"AgroFair"},"image":{"@id":"https:\/\/www.agrofair.nl\/fr\/#\/schema\/logo\/image\/"},"sameAs":["https:\/\/www.facebook.com\/AgroFair-508509272541829\/","https:\/\/x.com\/AgroFair","https:\/\/www.linkedin.com\/company\/87658","https:\/\/www.youtube.com\/user\/AgroFairFruit"]}]}},"_links":{"self":[{"href":"https:\/\/www.agrofair.nl\/fr\/wp-json\/wp\/v2\/pages\/15686","targetHints":{"allow":["GET"]}}],"collection":[{"href":"https:\/\/www.agrofair.nl\/fr\/wp-json\/wp\/v2\/pages"}],"about":[{"href":"https:\/\/www.agrofair.nl\/fr\/wp-json\/wp\/v2\/types\/page"}],"author":[{"embeddable":true,"href":"https:\/\/www.agrofair.nl\/fr\/wp-json\/wp\/v2\/users\/1"}],"replies":[{"embeddable":true,"href":"https:\/\/www.agrofair.nl\/fr\/wp-json\/wp\/v2\/comments?post=15686"}],"version-history":[{"count":1,"href":"https:\/\/www.agrofair.nl\/fr\/wp-json\/wp\/v2\/pages\/15686\/revisions"}],"predecessor-version":[{"id":18359,"href":"https:\/\/www.agrofair.nl\/fr\/wp-json\/wp\/v2\/pages\/15686\/revisions\/18359"}],"wp:attachment":[{"href":"https:\/\/www.agrofair.nl\/fr\/wp-json\/wp\/v2\/media?parent=15686"}],"curies":[{"name":"wp","href":"https:\/\/api.w.org\/{rel}","templated":true}]}}